{"id":1614,"date":"2021-11-26T11:41:10","date_gmt":"2021-11-26T11:41:10","guid":{"rendered":"https:\/\/traductorjuradodefrances.com\/?page_id=1614"},"modified":"2021-11-26T11:42:09","modified_gmt":"2021-11-26T11:42:09","slug":"cookies","status":"publish","type":"page","link":"https:\/\/traductorjuradodefrances.com\/fr\/cookies\/","title":{"rendered":"Politique de Cookies"},"content":{"rendered":"<div class=\"fusion-fullwidth fullwidth-box fusion-builder-row-1 fusion-flex-container nonhundred-percent-fullwidth non-hundred-percent-height-scrolling\" style=\"background-color: rgba(255,255,255,0);background-position: center center;background-repeat: no-repeat;border-width: 0px 0px 0px 0px;border-color:#e8eaf0;border-style:solid;\" ><div class=\"fusion-builder-row fusion-row fusion-flex-align-items-flex-start\" style=\"max-width:1310.4px;margin-left: calc(-4% \/ 2 );margin-right: calc(-4% \/ 2 );\"><div class=\"fusion-layout-column fusion_builder_column fusion-builder-column-0 fusion_builder_column_1_1 1_1 fusion-flex-column\"><div class=\"fusion-column-wrapper fusion-flex-justify-content-flex-start fusion-content-layout-column\" style=\"background-position:left top;background-repeat:no-repeat;-webkit-background-size:cover;-moz-background-size:cover;-o-background-size:cover;background-size:cover;padding: 0px 0px 0px 0px;\"><div class=\"fusion-text fusion-text-1\"><section id=\"content\">\n<div class=\"entry\">\n<div class=\"entry-content\">\n<div class=\"vc_row wpb_row vc_row-fluid mpcth-vc-row-wrap\">\n<div class=\"wpb_column vc_column_container vc_col-sm-12\">\n<div class=\"vc_column-inner \">\n<div class=\"wpb_wrapper\">\n<div class=\"wpb_text_column wpb_content_element \">\n<div class=\"wpb_wrapper\">\n<p>Un cookie est un petit fichier texte que les sites web stockent sur votre navigateur lorsque vous visitez un site web. Ils permettent au site web de se rappeler de votre visite lorsque vous naviguez de nouveau sur ce site. Les cookies stockent des informations techniques, vos pr\u00e9f\u00e9rences, la personnalisation des contenus, les statistiques de navigation, des liens aux r\u00e9seaux sociaux, l\u2019acc\u00e8s \u00e0 des comptes d\u2019usager, etc. Le but du cookie est d\u2019adapter le contenu du site web \u00e0 votre profil et vos besoins, sans cookies, les services offerts par les sites web seraient consid\u00e9rablement diminu\u00e9s. Pour plus d\u2019informations sur ce que sont les cookies, ce qu\u2019ils stockent, comment les supprimer, les d\u00e9sactiver, etc., veuillez cliquer sur ce lien.<\/p>\n<h2>Cookies utilis\u00e9s sur ce site web<\/h2>\n<p>Conform\u00e9ment aux directives de l\u2019Agence espagnole de la Protection des donn\u00e9es, nous vous d\u00e9taillons l\u2019utilisation des cookies de ce site afin de vous informer le plus exactement possible.<\/p>\n<p>Ce site utilise les cookies propres suivants :<\/p>\n<p>Cookies de sesi\u00f3n, pour s\u2019assurer que les commentaires \u00e9crits laiss\u00e9s sur ce blog proviennent de personnes, et non d\u2019applications automatis\u00e9es. C\u2019est une fa\u00e7on de lutter contre les spams.<\/p>\n<p>Ce site web utilise les cookies de tiers suivants :<\/p>\n<ul>\n<li>\u00a0Google Analytics : Il stocke des cookies pour \u00e9laborer des statistiques sur le trafic r\u00e9seau et le volume de visites sur ce site. En utilisant ce site, vous donnez votre consentement \u00e0 ce que Google traite les informations vous concernant. Par cons\u00e9quent, pour exercer tout droit dans ce sens, vous devrez vous adresser directement \u00e0 Google.<\/li>\n<li>R\u00e9seaux sociaux : Chaque r\u00e9seau social utilise ses propres cookies pour que vous puissiez cliquer sur des boutons du type J\u2019aime ou Partager.<\/li>\n<\/ul>\n<h2>D\u00e9sactivation ou suppression decookies<\/h2>\n<p>Vous pouvez exercer \u00e0 tout moment vos droits de d\u00e9sactivation ou d\u2019\u00e9limination des cookies de ce site web. Ces actions s\u2019effectuent diff\u00e9remment en fonction du navigateur que vous utilisez. Nous mettons \u00e0 votre disposition un guide rapide pour les navigateurs les plus courants.<\/p>\n<h2>Notes compl\u00e9mentaires<\/h2>\n<ul>\n<li>Ce site web, pas plus que ses repr\u00e9sentants l\u00e9gaux, ne pourra \u00eatre tenu pour responsable du contenu, ni de la v\u00e9racit\u00e9 despolitiques de confidentialit\u00e9 des tiers mentionn\u00e9s dans la pr\u00e9sente politique de cookies.<\/li>\n<li>\u00a0Les navigateurs web sont des instruments charg\u00e9s de stocker les cookies et vous devez les utiliser pour exercer votre droit \u00e0 la suppression ou \u00e0 l\u2019inactivation desdits cookies. Ni ce site web, ni ses repr\u00e9sentants l\u00e9gaux, ne peuvent garantir l\u2019utilisation correcte ou erron\u00e9e des cookies par lesdits navigateurs.<\/li>\n<li>\u00a0Il est parfois n\u00e9cessaire d\u2019installer des cookies pour que le navigateur garde en m\u00e9moire votre d\u00e9cision de ne pas accepter les cookies.<\/li>\n<li>\u00a0La soci\u00e9t\u00e9 Google Analytics, en ce qui la concerne, stocke les cookies sur des serveurs situ\u00e9s aux Etats- Unis et s\u2019engage \u00e0 ne pas les partager avec des tiers, sauf dans les cas o\u00f9 ces cookies sont n\u00e9cessaires au fonctionnement du syst\u00e8me, ou lorsque la loi le leur impose. Selon Google, votre adresse IP ne serait pas conserv\u00e9e. La soci\u00e9t\u00e9 Google Inc. a adh\u00e9r\u00e9 \u00e0 l\u2019accord sur la sph\u00e8re de s\u00e9curit\u00e9 qui garantit que toutes les donn\u00e9es transf\u00e9r\u00e9es seront trait\u00e9es avec un niveau de protection conforme aux normes europ\u00e9ennes. Vous pouvez obtenir des informations d\u00e9taill\u00e9es sur ce point en cliquant sur ce lien. Si vous souhaitez obtenir des informations sur l\u2019utilisation des cookies faite par Google, nous mettons \u00e0 votre disposition cet autre lien.<\/li>\n<\/ul>\n<\/div>\n<\/div>\n<\/div>\n<\/div>\n<\/div>\n<\/div>\n<\/div>\n<\/div>\n<\/section>\n<\/div><\/div><style type=\"text\/css\">.fusion-body .fusion-builder-column-0{width:100% !important;margin-top : 0px;margin-bottom : 0px;}.fusion-builder-column-0 > .fusion-column-wrapper {padding-top : 0px !important;padding-right : 0px !important;margin-right : 1.92%;padding-bottom : 0px !important;padding-left : 0px !important;margin-left : 1.92%;}@media only screen and (max-width:1024px) {.fusion-body .fusion-builder-column-0{width:100% !important;}.fusion-builder-column-0 > .fusion-column-wrapper {margin-right : 1.92%;margin-left : 1.92%;}}@media only screen and (max-width:640px) {.fusion-body .fusion-builder-column-0{width:100% !important;}.fusion-builder-column-0 > .fusion-column-wrapper {margin-right : 1.92%;margin-left : 1.92%;}}<\/style><\/div><\/div><style type=\"text\/css\">.fusion-body .fusion-flex-container.fusion-builder-row-1{ padding-top : 0px;margin-top : 0px;padding-right : 0px;padding-bottom : 0px;margin-bottom : 0px;padding-left : 0px;}<\/style><\/div>\n","protected":false},"excerpt":{"rendered":"","protected":false},"author":1,"featured_media":0,"parent":0,"menu_order":0,"comment_status":"closed","ping_status":"closed","template":"","meta":[],"yoast_head":"<!-- This site is optimized with the Yoast SEO plugin v17.7 - https:\/\/yoast.com\/wordpress\/plugins\/seo\/ -->\n<title>Politique de Cookies - Traducci\u00f3n Jurada de Frances<\/title>\n<meta name=\"robots\" content=\"index, follow, max-snippet:-1, max-image-preview:large, max-video-preview:-1\" \/>\n<link rel=\"canonical\" href=\"https:\/\/traductorjuradodefrances.com\/fr\/cookies\/\" \/>\n<meta property=\"og:locale\" content=\"fr_FR\" \/>\n<meta property=\"og:type\" content=\"article\" \/>\n<meta property=\"og:title\" content=\"Politique de Cookies - Traducci\u00f3n Jurada de Frances\" \/>\n<meta property=\"og:url\" content=\"https:\/\/traductorjuradodefrances.com\/fr\/cookies\/\" \/>\n<meta property=\"og:site_name\" content=\"Traducci\u00f3n Jurada de Frances\" \/>\n<meta property=\"article:modified_time\" content=\"2021-11-26T11:42:09+00:00\" \/>\n<meta name=\"twitter:card\" content=\"summary_large_image\" \/>\n<meta name=\"twitter:label1\" content=\"Dur\u00e9e de lecture estim\u00e9e\" \/>\n\t<meta name=\"twitter:data1\" content=\"4 minutes\" \/>\n<script type=\"application\/ld+json\" class=\"yoast-schema-graph\">{\"@context\":\"https:\/\/schema.org\",\"@graph\":[{\"@type\":\"WebSite\",\"@id\":\"https:\/\/traductorjuradodefrances.com\/#website\",\"url\":\"https:\/\/traductorjuradodefrances.com\/\",\"name\":\"Traducci\\u00f3n Jurada de Frances\",\"description\":\"Traducciones juradas espa\\u00f1ol - franc\\u00e9s y franc\\u00e9s -espa\\u00f1ol.\",\"potentialAction\":[{\"@type\":\"SearchAction\",\"target\":{\"@type\":\"EntryPoint\",\"urlTemplate\":\"https:\/\/traductorjuradodefrances.com\/?s={search_term_string}\"},\"query-input\":\"required name=search_term_string\"}],\"inLanguage\":\"fr-FR\"},{\"@type\":\"WebPage\",\"@id\":\"https:\/\/traductorjuradodefrances.com\/fr\/cookies\/#webpage\",\"url\":\"https:\/\/traductorjuradodefrances.com\/fr\/cookies\/\",\"name\":\"Politique de Cookies - Traducci\\u00f3n Jurada de Frances\",\"isPartOf\":{\"@id\":\"https:\/\/traductorjuradodefrances.com\/#website\"},\"datePublished\":\"2021-11-26T11:41:10+00:00\",\"dateModified\":\"2021-11-26T11:42:09+00:00\",\"breadcrumb\":{\"@id\":\"https:\/\/traductorjuradodefrances.com\/fr\/cookies\/#breadcrumb\"},\"inLanguage\":\"fr-FR\",\"potentialAction\":[{\"@type\":\"ReadAction\",\"target\":[\"https:\/\/traductorjuradodefrances.com\/fr\/cookies\/\"]}]},{\"@type\":\"BreadcrumbList\",\"@id\":\"https:\/\/traductorjuradodefrances.com\/fr\/cookies\/#breadcrumb\",\"itemListElement\":[{\"@type\":\"ListItem\",\"position\":1,\"name\":\"Portada\",\"item\":\"https:\/\/traductorjuradodefrances.com\/fr\/\"},{\"@type\":\"ListItem\",\"position\":2,\"name\":\"Politique de Cookies\"}]}]}<\/script>\n<!-- \/ Yoast SEO plugin. -->","yoast_head_json":{"title":"Politique de Cookies - Traducci\u00f3n Jurada de Frances","robots":{"index":"index","follow":"follow","max-snippet":"max-snippet:-1","max-image-preview":"max-image-preview:large","max-video-preview":"max-video-preview:-1"},"canonical":"https:\/\/traductorjuradodefrances.com\/fr\/cookies\/","og_locale":"fr_FR","og_type":"article","og_title":"Politique de Cookies - Traducci\u00f3n Jurada de Frances","og_url":"https:\/\/traductorjuradodefrances.com\/fr\/cookies\/","og_site_name":"Traducci\u00f3n Jurada de Frances","article_modified_time":"2021-11-26T11:42:09+00:00","twitter_card":"summary_large_image","twitter_misc":{"Dur\u00e9e de lecture estim\u00e9e":"4 minutes"},"schema":{"@context":"https:\/\/schema.org","@graph":[{"@type":"WebSite","@id":"https:\/\/traductorjuradodefrances.com\/#website","url":"https:\/\/traductorjuradodefrances.com\/","name":"Traducci\u00f3n Jurada de Frances","description":"Traducciones juradas espa\u00f1ol - franc\u00e9s y franc\u00e9s -espa\u00f1ol.","potentialAction":[{"@type":"SearchAction","target":{"@type":"EntryPoint","urlTemplate":"https:\/\/traductorjuradodefrances.com\/?s={search_term_string}"},"query-input":"required name=search_term_string"}],"inLanguage":"fr-FR"},{"@type":"WebPage","@id":"https:\/\/traductorjuradodefrances.com\/fr\/cookies\/#webpage","url":"https:\/\/traductorjuradodefrances.com\/fr\/cookies\/","name":"Politique de Cookies - Traducci\u00f3n Jurada de Frances","isPartOf":{"@id":"https:\/\/traductorjuradodefrances.com\/#website"},"datePublished":"2021-11-26T11:41:10+00:00","dateModified":"2021-11-26T11:42:09+00:00","breadcrumb":{"@id":"https:\/\/traductorjuradodefrances.com\/fr\/cookies\/#breadcrumb"},"inLanguage":"fr-FR","potentialAction":[{"@type":"ReadAction","target":["https:\/\/traductorjuradodefrances.com\/fr\/cookies\/"]}]},{"@type":"BreadcrumbList","@id":"https:\/\/traductorjuradodefrances.com\/fr\/cookies\/#breadcrumb","itemListElement":[{"@type":"ListItem","position":1,"name":"Portada","item":"https:\/\/traductorjuradodefrances.com\/fr\/"},{"@type":"ListItem","position":2,"name":"Politique de Cookies"}]}]}},"_links":{"self":[{"href":"https:\/\/traductorjuradodefrances.com\/fr\/wp-json\/wp\/v2\/pages\/1614"}],"collection":[{"href":"https:\/\/traductorjuradodefrances.com\/fr\/wp-json\/wp\/v2\/pages"}],"about":[{"href":"https:\/\/traductorjuradodefrances.com\/fr\/wp-json\/wp\/v2\/types\/page"}],"author":[{"embeddable":true,"href":"https:\/\/traductorjuradodefrances.com\/fr\/wp-json\/wp\/v2\/users\/1"}],"replies":[{"embeddable":true,"href":"https:\/\/traductorjuradodefrances.com\/fr\/wp-json\/wp\/v2\/comments?post=1614"}],"version-history":[{"count":4,"href":"https:\/\/traductorjuradodefrances.com\/fr\/wp-json\/wp\/v2\/pages\/1614\/revisions"}],"predecessor-version":[{"id":1620,"href":"https:\/\/traductorjuradodefrances.com\/fr\/wp-json\/wp\/v2\/pages\/1614\/revisions\/1620"}],"wp:attachment":[{"href":"https:\/\/traductorjuradodefrances.com\/fr\/wp-json\/wp\/v2\/media?parent=1614"}],"curies":[{"name":"wp","href":"https:\/\/api.w.org\/{rel}","templated":true}]}}